{"id":1103,"date":"2021-04-01T14:11:19","date_gmt":"2021-04-01T12:11:19","guid":{"rendered":"http:\/\/wrib.portal-tst.sggw.edu.pl\/farmers-scientific-circle\/events\/"},"modified":"2021-04-01T14:11:19","modified_gmt":"2021-04-01T12:11:19","slug":"events","status":"publish","type":"page","link":"https:\/\/wrie.sggw.edu.pl\/en\/farmers-scientific-circle\/events\/","title":{"rendered":"Events"},"content":{"rendered":"\t\t<div data-elementor-type=\"wp-page\" data-elementor-id=\"1103\" class=\"elementor elementor-1103\" data-elementor-post-type=\"page\">\n\t\t\t\t\t\t<section class=\"elementor-section elementor-top-section elementor-element elementor-element-26770e32 elementor-section-boxed elementor-section-height-default elementor-section-height-default\" data-id=\"26770e32\" data-element_type=\"section\">\n\t\t\t\t\t\t<div class=\"elementor-container elementor-column-gap-default\">\n\t\t\t\t\t<div class=\"elementor-column elementor-col-100 elementor-top-column elementor-element elementor-element-209cabf6\" data-id=\"209cabf6\" data-element_type=\"column\">\n\t\t\t<div class=\"elementor-widget-wrap elementor-element-populated\">\n\t\t\t\t\t\t<div class=\"elementor-element elementor-element-61a4a78a elementor-widget elementor-widget-wp-widget-bcn_widget\" data-id=\"61a4a78a\" data-element_type=\"widget\" data-widget_type=\"wp-widget-bcn_widget.default\">\n\t\t\t\t<div class=\"elementor-widget-container\">\n\t\t\t<div class=\"mn-grid breadcrumb\">\n                                    <div class=\"breadcrumb-inner mn-grid-12\"><div class=\"breadcrumbs\" vocab=\"https:\/\/schema.org\/\" typeof=\"BreadcrumbList\"><span property=\"itemListElement\" typeof=\"ListItem\"><a property=\"item\" typeof=\"WebPage\" title=\"Go to SGGW Witryn.\" href=\"https:\/\/www.sggw.edu.pl\/\" class=\"main-home\" ><span property=\"name\">SGGW Witryn<\/span><\/a><meta property=\"position\" content=\"1\"><\/span> \/ <span property=\"itemListElement\" typeof=\"ListItem\"><a property=\"item\" typeof=\"WebPage\" title=\"Go to WYDZIA\u0141 ROLNICTWA I EKOLOGII.\" href=\"https:\/\/wrie.sggw.edu.pl\/en\/\" class=\"home\" aria-current=\"page\"><span property=\"name\">Home<\/span><\/a><meta property=\"position\" content=\"2\"><\/span><\/div>    <\/div>\n                                <\/div>\t\t<\/div>\n\t\t\t\t<\/div>\n\t\t\t\t<div class=\"elementor-element elementor-element-6b17305b elementor-widget elementor-widget-post-title\" data-id=\"6b17305b\" data-element_type=\"widget\" data-widget_type=\"post-title.default\">\n\t\t\t\t<div class=\"elementor-widget-container\">\n\t\t\t<section>\n                    <div class=\"mn-grid entry-header-inner section-inner medium\">\n                        <h1 class=\"mn-grid-12 entry-title\" style=\"\">\n                            Events\n                        <\/h1>\n                    <\/div>\n                <\/section>\t\t<\/div>\n\t\t\t\t<\/div>\n\t\t\t\t\t<\/div>\n\t\t<\/div>\n\t\t\t\t\t<\/div>\n\t\t<\/section>\n\t\t\t\t<section class=\"elementor-section elementor-top-section elementor-element elementor-element-53a789c6 elementor-section-boxed elementor-section-height-default elementor-section-height-default\" data-id=\"53a789c6\" data-element_type=\"section\">\n\t\t\t\t\t\t<div class=\"elementor-container elementor-column-gap-default\">\n\t\t\t\t\t<div class=\"elementor-column elementor-col-100 elementor-top-column elementor-element elementor-element-1ee9de51\" data-id=\"1ee9de51\" data-element_type=\"column\">\n\t\t\t<div class=\"elementor-widget-wrap elementor-element-populated\">\n\t\t\t\t\t\t<div class=\"elementor-element elementor-element-112f2c35 elementor-widget elementor-widget-w33\" data-id=\"112f2c35\" data-element_type=\"widget\" data-widget_type=\"w33.default\">\n\t\t\t\t<div class=\"elementor-widget-container\">\n\t\t\t<section>\n            <div class=\"mn-grid\">\n                <div class=\"mn-vertical-separator\">\n                    \n                <\/div>\n            <\/section>\t\t<\/div>\n\t\t\t\t<\/div>\n\t\t\t\t\t<\/div>\n\t\t<\/div>\n\t\t\t\t\t<\/div>\n\t\t<\/section>\n\t\t\t\t<section class=\"elementor-section elementor-top-section elementor-element elementor-element-502c7c8c elementor-section-boxed elementor-section-height-default elementor-section-height-default\" data-id=\"502c7c8c\" data-element_type=\"section\">\n\t\t\t\t\t\t<div class=\"elementor-container elementor-column-gap-default\">\n\t\t\t\t\t<div class=\"elementor-column elementor-col-100 elementor-top-column elementor-element elementor-element-4d4d900\" data-id=\"4d4d900\" data-element_type=\"column\">\n\t\t\t<div class=\"elementor-widget-wrap elementor-element-populated\">\n\t\t\t\t\t\t<div class=\"elementor-element elementor-element-4f281dc2 elementor-widget elementor-widget-w12\" data-id=\"4f281dc2\" data-element_type=\"widget\" data-widget_type=\"w12.default\">\n\t\t\t\t<div class=\"elementor-widget-container\">\n\t\t\t<section>\n                <div class=\"mn-grid\">\n                    <div class=\"mn-grid-12 mn-mod-text-links\">\n                        <p><strong>BASF &#8211; how to properly use growth regulators in cereals? 24.04.2013<\/strong><\/p>\n<p>The use of growth regulators is a difficult field of agricultural art. It is easy to make a mistake, which will have a disastrous effect on our plantation, which is why we decided to invite experts in this field. BASF was represented by two representatives from the Polish branch of the concern.<\/p>\n<p>The turnout was again great, and the topic was really comprehensively discussed, in addition, everyone received a concise guide with practical advice on the mechanisms of regulating the growth of cereal plants.<\/p>\n<p><strong>Herbicide training with DowAgro Sciences 16\/04\/2013<\/strong><\/p>\n<p>The meeting with KNR SGGW was treated very professionally by Dow AgroSciences. We hosted the president of the Polish branch of the concern &#8211; Mr. Andrzej Paluch and one of the best people in the company in the field of plant protection &#8211; Dr. S\u0142awomir Kutrys.<br \/>The company&#8217;s activity and its commercial offer were widely discussed. The principles of proper weed control in cereal and oilseed rape are presented in more detail. The members of our circle were familiar with the discussed measures, such as Mustang, Nomad or Lancet &#8211; this also pleased our guests.<\/p>\n<p>All participants of the training received small gifts from Dow AgroSciences: flash drives, a copy of &#8220;Good Cultivation&#8221; and office accessories.<\/p>\n<\/p>\n<p><img fetchpriority=\"high\" decoding=\"async\" src=\"http:\/\/agrobiol.sggw.waw.pl\/~knr\/media\/wydarzenia\/zdjecie1.jpg\" alt=\"\" width=\"750\" height=\"422\"><\/p>\n<p> We were pleased to host at the meeting also representatives of our staff: Dr. Anna Wysmu\u0142ek, Dr. Agnieszka Ciesielska and Professor Jan \u0141ab\u0119towicz.<\/p>\n<p><strong>&#8220;Winter sugar beet?&#8221;, I.e. a meeting with an expert of the KWS Lochow company &#8211; Mr. Wac\u0142aw Wi\u015bniewski 23.04.2013<\/strong><\/p>\n<p>The KWS Lochow company needed no introduction, all participants of the meeting knew the brand and its quality very well. This time we focused on breeding and growing sugar beet.<\/p>\n<p>Undoubtedly, the participants were most impressed with the topic of winter sugar beet varieties. Plants of these varieties are ultimately to be used as raw materials for biogas plants during the early spring period.<br \/>We were also honored by the presence of the Dear Dean of WRiB Prof. Zdzis\u0142aw Wyszy\u0144ski and Prof. S\u0142awomir Podlaski and Prof. Stefan Pietkiewicz from the Department of Plant Physiology at WRiB.<\/p>\n<\/p>\n<p><strong>Meeting with Danko &#8211; Hodowla Ro\u015blin on April 9, 2013<\/strong><\/p>\n<p>On April 9, 2013, in the Council Room of the Faculty of Agriculture and Biology, a meeting was held with Dr. Adam Gle\u0144 &#8211; Danko&#8217;s expert in agricultural consultancy in the field of agrotechnics and variety selection. The main topic of the meeting was agrotechnics of cereals and legumes. Danko&#8217;s wide commercial offer was also presented.<\/p>\n<p><img decoding=\"async\" src=\"http:\/\/agrobiol.sggw.waw.pl\/~knr\/media\/wydarzenia\/zdjecie.jpg\" alt=\"\" width=\"550\" height=\"413\"><\/p>\n<p>In the photo, Dr. Adam Gle\u0144. The meeting was held in a relaxed atmosphere, Dr. Gle\u0144 did not leave any questions unanswered.<\/p>\n<p><strong>Meeting with the vice-president of the National Council of Agricultural Chambers &#8211; Mr. Marek Borowski on November 27, 2013<\/strong><\/p>\n<p>KRIR is a public benefit organization that cares for the interests of the Polish countryside &#8211; it protests against unfavorable government decisions, makes proposals for amendments, motivates farmers to act, popularizes agricultural knowledge, etc.<br \/>At the meeting with KNR of the Warsaw University of Life Sciences, Vice President Marek Borowski briefly summarized the situation in Polish agriculture. He also raised the issues of the future of the CAP, the outline of the RDP 2014-2020 and the problem of hunting damage. We are disappointed to admit that we did not receive the latest information on the new RDP, which was probably what the participants of the meeting hoped most. After the presentation, a lively discussion began, during which the subject of direct payments was discussed in more detail.<br \/>Thank you very much for your numerous presence.<\/p>\n<p> <strong>Olympiad of Young Agricultural Producers 28\/02\/2013<\/strong><\/p>\n<p>On 28.02.2012, the Rural Youth Union together with the Agricultural Science Club of the Warsaw University of Life Sciences organized provincial qualifiers for the national finals of the XXXI Olympiad of Young Agricultural Producers. The participants competed with each other in two stages &#8211; a written test and an oral answer before a committee of specialists, composed of individual areas of agricultural knowledge.<br \/>Five participants, including one of the members of our Club &#8211; Mateusz To\u0142\u0142oczko (4th place), advanced to the national finals, in accordance with the rules of the Olympics. Below is a link to view photos from the event:<\/p>\n<p><a href=\"http:\/\/www.zmw.pl\/gallery\/view\/37\/9\">gallery<\/a><\/p><\/p>\n\n                    <\/div>\n                <\/div>\n            <\/section>\t\t<\/div>\n\t\t\t\t<\/div>\n\t\t\t\t\t<\/div>\n\t\t<\/div>\n\t\t\t\t\t<\/div>\n\t\t<\/section>\n\t\t\t\t<\/div>\n\t\t","protected":false},"excerpt":{"rendered":"<p>BASF &#8211; how to properly use growth regulators in cereals? 24.04.2013 The use of growth regulators is a difficult field of agricultural art. It is easy to make a mistake, which will have a disastrous effect on our plantation, which is why we decided to invite experts in this field. BASF was represented by two [&hellip;]<\/p>\n","protected":false},"author":36,"featured_media":0,"parent":1093,"menu_order":0,"comment_status":"closed","ping_status":"closed","template":"","meta":{"_acf_changed":false,"footnotes":""},"class_list":["post-1103","page","type-page","status-publish","hentry"],"acf":[],"_links":{"self":[{"href":"https:\/\/wrie.sggw.edu.pl\/en\/wp-json\/wp\/v2\/pages\/1103","targetHints":{"allow":["GET"]}}],"collection":[{"href":"https:\/\/wrie.sggw.edu.pl\/en\/wp-json\/wp\/v2\/pages"}],"about":[{"href":"https:\/\/wrie.sggw.edu.pl\/en\/wp-json\/wp\/v2\/types\/page"}],"author":[{"embeddable":true,"href":"https:\/\/wrie.sggw.edu.pl\/en\/wp-json\/wp\/v2\/users\/36"}],"replies":[{"embeddable":true,"href":"https:\/\/wrie.sggw.edu.pl\/en\/wp-json\/wp\/v2\/comments?post=1103"}],"version-history":[{"count":1,"href":"https:\/\/wrie.sggw.edu.pl\/en\/wp-json\/wp\/v2\/pages\/1103\/revisions"}],"predecessor-version":[{"id":1104,"href":"https:\/\/wrie.sggw.edu.pl\/en\/wp-json\/wp\/v2\/pages\/1103\/revisions\/1104"}],"up":[{"embeddable":true,"href":"https:\/\/wrie.sggw.edu.pl\/en\/wp-json\/wp\/v2\/pages\/1093"}],"wp:attachment":[{"href":"https:\/\/wrie.sggw.edu.pl\/en\/wp-json\/wp\/v2\/media?parent=1103"}],"curies":[{"name":"wp","href":"https:\/\/api.w.org\/{rel}","templated":true}]}}