{"id":1100,"date":"2021-04-01T14:11:17","date_gmt":"2021-04-01T12:11:17","guid":{"rendered":"http:\/\/wrib.portal-tst.sggw.edu.pl\/farmers-scientific-circle\/information\/"},"modified":"2021-04-01T14:11:19","modified_gmt":"2021-04-01T12:11:19","slug":"information","status":"publish","type":"page","link":"https:\/\/wrie.sggw.edu.pl\/en\/farmers-scientific-circle\/information\/","title":{"rendered":"Information"},"content":{"rendered":"\t\t<div data-elementor-type=\"wp-page\" data-elementor-id=\"1100\" class=\"elementor elementor-1100\" data-elementor-post-type=\"page\">\n\t\t\t\t\t\t<section class=\"elementor-section elementor-top-section elementor-element elementor-element-4910dddc elementor-section-boxed elementor-section-height-default elementor-section-height-default\" data-id=\"4910dddc\" data-element_type=\"section\">\n\t\t\t\t\t\t<div class=\"elementor-container elementor-column-gap-default\">\n\t\t\t\t\t<div class=\"elementor-column elementor-col-100 elementor-top-column elementor-element elementor-element-454da994\" data-id=\"454da994\" data-element_type=\"column\">\n\t\t\t<div class=\"elementor-widget-wrap elementor-element-populated\">\n\t\t\t\t\t\t<div class=\"elementor-element elementor-element-5070e21 elementor-widget elementor-widget-wp-widget-bcn_widget\" data-id=\"5070e21\" data-element_type=\"widget\" data-widget_type=\"wp-widget-bcn_widget.default\">\n\t\t\t\t<div class=\"elementor-widget-container\">\n\t\t\t<div class=\"mn-grid breadcrumb\">\n                                    <div class=\"breadcrumb-inner mn-grid-12\"><div class=\"breadcrumbs\" vocab=\"https:\/\/schema.org\/\" typeof=\"BreadcrumbList\"><span property=\"itemListElement\" typeof=\"ListItem\"><a property=\"item\" typeof=\"WebPage\" title=\"Go to SGGW Witryn.\" href=\"https:\/\/www.sggw.edu.pl\/\" class=\"main-home\" ><span property=\"name\">SGGW Witryn<\/span><\/a><meta property=\"position\" content=\"1\"><\/span> \/ <span property=\"itemListElement\" typeof=\"ListItem\"><a property=\"item\" typeof=\"WebPage\" title=\"Go to WYDZIA\u0141 ROLNICTWA I EKOLOGII.\" href=\"https:\/\/wrie.sggw.edu.pl\/en\/\" class=\"home\" aria-current=\"page\"><span property=\"name\">Home<\/span><\/a><meta property=\"position\" content=\"2\"><\/span><\/div>    <\/div>\n                                <\/div>\t\t<\/div>\n\t\t\t\t<\/div>\n\t\t\t\t<div class=\"elementor-element elementor-element-4dace8cd elementor-widget elementor-widget-post-title\" data-id=\"4dace8cd\" data-element_type=\"widget\" data-widget_type=\"post-title.default\">\n\t\t\t\t<div class=\"elementor-widget-container\">\n\t\t\t<section>\n                    <div class=\"mn-grid entry-header-inner section-inner medium\">\n                        <h1 class=\"mn-grid-12 entry-title\" style=\"\">\n                            Information\n                        <\/h1>\n                    <\/div>\n                <\/section>\t\t<\/div>\n\t\t\t\t<\/div>\n\t\t\t\t\t<\/div>\n\t\t<\/div>\n\t\t\t\t\t<\/div>\n\t\t<\/section>\n\t\t\t\t<section class=\"elementor-section elementor-top-section elementor-element elementor-element-7a6f0a25 elementor-section-boxed elementor-section-height-default elementor-section-height-default\" data-id=\"7a6f0a25\" data-element_type=\"section\">\n\t\t\t\t\t\t<div class=\"elementor-container elementor-column-gap-default\">\n\t\t\t\t\t<div class=\"elementor-column elementor-col-100 elementor-top-column elementor-element elementor-element-3dcbe54b\" data-id=\"3dcbe54b\" data-element_type=\"column\">\n\t\t\t<div class=\"elementor-widget-wrap elementor-element-populated\">\n\t\t\t\t\t\t<div class=\"elementor-element elementor-element-73d3ccc8 elementor-widget elementor-widget-w33\" data-id=\"73d3ccc8\" data-element_type=\"widget\" data-widget_type=\"w33.default\">\n\t\t\t\t<div class=\"elementor-widget-container\">\n\t\t\t<section>\n            <div class=\"mn-grid\">\n                <div class=\"mn-vertical-separator\">\n                    \n                <\/div>\n            <\/section>\t\t<\/div>\n\t\t\t\t<\/div>\n\t\t\t\t\t<\/div>\n\t\t<\/div>\n\t\t\t\t\t<\/div>\n\t\t<\/section>\n\t\t\t\t<section class=\"elementor-section elementor-top-section elementor-element elementor-element-1012e79d elementor-section-boxed elementor-section-height-default elementor-section-height-default\" data-id=\"1012e79d\" data-element_type=\"section\">\n\t\t\t\t\t\t<div class=\"elementor-container elementor-column-gap-default\">\n\t\t\t\t\t<div class=\"elementor-column elementor-col-100 elementor-top-column elementor-element elementor-element-7457ea69\" data-id=\"7457ea69\" data-element_type=\"column\">\n\t\t\t<div class=\"elementor-widget-wrap elementor-element-populated\">\n\t\t\t\t\t\t<div class=\"elementor-element elementor-element-7ed3caae elementor-widget elementor-widget-w12\" data-id=\"7ed3caae\" data-element_type=\"widget\" data-widget_type=\"w12.default\">\n\t\t\t\t<div class=\"elementor-widget-container\">\n\t\t\t<section>\n                <div class=\"mn-grid\">\n                    <div class=\"mn-grid-12 mn-mod-text-links\">\n                        <p style=\"font-weight: 400\">Or maybe an internship at Bayer ??? \ud83d\ude42<\/p>\n<p style=\"font-weight: 400\">Here are the framework rules:<\/p>\n<p style=\"font-weight: 400\">&#8211; the essence of the program is the cooperation of students in the promotion program<br \/>learning in the BayLab multimedia popular science salon<\/p>\n<p style=\"font-weight: 400\">&#8211; the task of students will be to create and co-lead<br \/>workshops for primary and secondary school children<\/p>\n<p style=\"font-weight: 400\">&#8211; the workshops will cover topics in the areas of biodiversity,<br \/>arable crops, and environmental protection will be held on the basis of<br \/>scenarios developed by methodologists; will be led by<br \/>experienced moderators: academics and practitioners<\/p>\n<p style=\"font-weight: 400\">&#8211; every student willing to participate in the program should receive<br \/>recommendation of one of the Student Research Clubs at SGGW<\/p>\n<p style=\"font-weight: 400\">&#8211; in 2014, approx. 10 school workshops in the above<br \/>topics &#8211; the company will invite 4-5 students to cooperate with each class<br \/>(we prefer cooperation with students who will declare participation in several<br \/>workshops)<\/p>\n<p style=\"font-weight: 400\">&#8211; dates: July and October 2014<\/p>\n<p style=\"font-weight: 400\">Place: BayLab (Bayer headquarters), Warsaw &#8211; al. Jerozolimskie 158<\/p>\n<p style=\"font-weight: 400\">Bayer is committed to:<\/p>\n<p style=\"font-weight: 400\">&#8211; providing a place for internships: a multimedia salon<br \/>popular science BayLab<\/p>\n<p style=\"font-weight: 400\">&#8211; provide workshop scenarios, verified by<br \/>methodologists<\/p>\n<p style=\"font-weight: 400\">&#8211; familiarizing students with the internship formula<\/p>\n<p style=\"font-weight: 400\">&#8211; issuing each participant with a certificate of implementation<br \/>internship in Bayer<\/p>\n<p style=\"font-weight: 400\">We would like to remind you that the Foundation for the Development of Polish Agriculture announced the 6th edition of the competition for works on Polish agriculture and rural areas under the name &#8220;Polish countryside &#8211; heritage and future&#8221;. The competition is under the honorary patronage of the Polish Committee for UNESCO. <\/p>\n<p style=\"font-weight: 400\"> The aim of the competition is to promote Polish agriculture, issues related to rural areas, cultural heritage and to enrich the public debate on the Polish countryside. The Competition Jury will select outstanding studies that will be published in book form in the Scientific Publisher Scholar (<a href=\"http:\/\/www.scholar.com.pl\/\"> www.scholar.com.pl<\/a> ), which is a partner in the project. Additionally, the winner in each category will receive a cash prize of PLN 5,000 gross.<\/p>\n<p style=\"font-weight: 400\"> <strong>The deadline for submitting works is July 31, 2014.<\/strong><\/p>\n<p style=\"font-weight: 400\"> The event is sponsored by:<a href=\"http:\/\/www.kulturaludowa.pl\/\"> www.kulturaludowa.pl<\/a> ;<a href=\"http:\/\/www.witrynawiejska.pl\/\"> www.witrynawiejska.pl<\/a> . <\/p>\n<p style=\"font-weight: 400\"> Previous editions of the Competition enjoyed nationwide popularity. The issues and the number of submitted works surprise the Foundation and the Competition Jury, which includes outstanding scientists involved in the development of rural areas: prof. dr hab. J\u00f3zef Styk, prof. dr hab. Roch Sulima, prof. dr hab. Jerzy Wilkin, Dr. Andrzej Ha\u0142asiewicz, Dr. Dorota Klepacka-Ko\u0142odziejska and Dr. Barbara Perepeczko. The authors of the studies include representatives of the world of science, students, journalists, social activists, regionalists and enthusiasts as well as retirees who passionately document the stories and customs of the Polish countryside. Among the submitted applications, one can find monographs of the village, personal memories, valuable descriptions of the traditions and life of the villagers, stories, and even novels and poems. The winners can boast of published studies. Currently, work is underway on the book of this year&#8217;s finalist. Each edition of the Competition ends with a gala combined with the promotion of the published publication. The profiles of the winners and the subjects of the works awarded so far can be found on the website<a href=\"http:\/\/www.fdpa.org.pl\/\"> www.fdpa.org.pl<\/a> and the portal<a href=\"http:\/\/www.facebook.com\/Fundacja.FDPA\"> www.facebook.com\/Fundacja.FDPA<\/a> .<\/p>\n<p style=\"font-weight: 400\"> Details of the competition with documentation can be found on the website<a href=\"http:\/\/www.fdpa.org.pl\/\"> www.fdpa.org.pl<\/a> .<\/p>\n<p style=\"font-weight: 400\"> For more information on the competition, please contact: Anna Czapla, e-mail:<a href=\"mailto:a.czapla(at)fdpa.org.pl\"> a (dot) czapla (at) fdpa (dot) org (dot) pl<\/a> ,<\/p>\n<p style=\"font-weight: 400\">Tel. 22 864 03 90; 531 829 506, fax 22 864 03 61.<\/p>\n\n                    <\/div>\n                <\/div>\n            <\/section>\t\t<\/div>\n\t\t\t\t<\/div>\n\t\t\t\t\t<\/div>\n\t\t<\/div>\n\t\t\t\t\t<\/div>\n\t\t<\/section>\n\t\t\t\t<\/div>\n\t\t","protected":false},"excerpt":{"rendered":"<p>Or maybe an internship at Bayer ??? \ud83d\ude42 Here are the framework rules: &#8211; the essence of the program is the cooperation of students in the promotion programlearning in the BayLab multimedia popular science salon &#8211; the task of students will be to create and co-leadworkshops for primary and secondary school children &#8211; the workshops [&hellip;]<\/p>\n","protected":false},"author":36,"featured_media":0,"parent":1093,"menu_order":0,"comment_status":"closed","ping_status":"closed","template":"","meta":{"_acf_changed":false,"footnotes":""},"class_list":["post-1100","page","type-page","status-publish","hentry"],"acf":[],"_links":{"self":[{"href":"https:\/\/wrie.sggw.edu.pl\/en\/wp-json\/wp\/v2\/pages\/1100","targetHints":{"allow":["GET"]}}],"collection":[{"href":"https:\/\/wrie.sggw.edu.pl\/en\/wp-json\/wp\/v2\/pages"}],"about":[{"href":"https:\/\/wrie.sggw.edu.pl\/en\/wp-json\/wp\/v2\/types\/page"}],"author":[{"embeddable":true,"href":"https:\/\/wrie.sggw.edu.pl\/en\/wp-json\/wp\/v2\/users\/36"}],"replies":[{"embeddable":true,"href":"https:\/\/wrie.sggw.edu.pl\/en\/wp-json\/wp\/v2\/comments?post=1100"}],"version-history":[{"count":1,"href":"https:\/\/wrie.sggw.edu.pl\/en\/wp-json\/wp\/v2\/pages\/1100\/revisions"}],"predecessor-version":[{"id":1101,"href":"https:\/\/wrie.sggw.edu.pl\/en\/wp-json\/wp\/v2\/pages\/1100\/revisions\/1101"}],"up":[{"embeddable":true,"href":"https:\/\/wrie.sggw.edu.pl\/en\/wp-json\/wp\/v2\/pages\/1093"}],"wp:attachment":[{"href":"https:\/\/wrie.sggw.edu.pl\/en\/wp-json\/wp\/v2\/media?parent=1100"}],"curies":[{"name":"wp","href":"https:\/\/api.w.org\/{rel}","templated":true}]}}