{"id":1098,"date":"2021-04-01T14:11:16","date_gmt":"2021-04-01T12:11:16","guid":{"rendered":"http:\/\/wrib.portal-tst.sggw.edu.pl\/farmers-scientific-circle\/achieve\/"},"modified":"2021-04-01T14:11:19","modified_gmt":"2021-04-01T12:11:19","slug":"achieve","status":"publish","type":"page","link":"https:\/\/wrie.sggw.edu.pl\/en\/farmers-scientific-circle\/achieve\/","title":{"rendered":"Achieve"},"content":{"rendered":"\t\t<div data-elementor-type=\"wp-page\" data-elementor-id=\"1098\" class=\"elementor elementor-1098\" data-elementor-post-type=\"page\">\n\t\t\t\t\t\t<section class=\"elementor-section elementor-top-section elementor-element elementor-element-27418cb2 elementor-section-boxed elementor-section-height-default elementor-section-height-default\" data-id=\"27418cb2\" data-element_type=\"section\">\n\t\t\t\t\t\t<div class=\"elementor-container elementor-column-gap-default\">\n\t\t\t\t\t<div class=\"elementor-column elementor-col-100 elementor-top-column elementor-element elementor-element-5acb8ff4\" data-id=\"5acb8ff4\" data-element_type=\"column\">\n\t\t\t<div class=\"elementor-widget-wrap elementor-element-populated\">\n\t\t\t\t\t\t<div class=\"elementor-element elementor-element-3130bd4c elementor-widget elementor-widget-wp-widget-bcn_widget\" data-id=\"3130bd4c\" data-element_type=\"widget\" data-widget_type=\"wp-widget-bcn_widget.default\">\n\t\t\t\t<div class=\"elementor-widget-container\">\n\t\t\t<div class=\"mn-grid breadcrumb\">\n                                    <div class=\"breadcrumb-inner mn-grid-12\"><div class=\"breadcrumbs\" vocab=\"https:\/\/schema.org\/\" typeof=\"BreadcrumbList\"><span property=\"itemListElement\" typeof=\"ListItem\"><a property=\"item\" typeof=\"WebPage\" title=\"Go to SGGW Witryn.\" href=\"https:\/\/www.sggw.edu.pl\/\" class=\"main-home\" ><span property=\"name\">SGGW Witryn<\/span><\/a><meta property=\"position\" content=\"1\"><\/span> \/ <span property=\"itemListElement\" typeof=\"ListItem\"><a property=\"item\" typeof=\"WebPage\" title=\"Go to WYDZIA\u0141 ROLNICTWA I EKOLOGII.\" href=\"https:\/\/wrie.sggw.edu.pl\/en\/\" class=\"home\" aria-current=\"page\"><span property=\"name\">Home<\/span><\/a><meta property=\"position\" content=\"2\"><\/span><\/div>    <\/div>\n                                <\/div>\t\t<\/div>\n\t\t\t\t<\/div>\n\t\t\t\t<div class=\"elementor-element elementor-element-250bd00e elementor-widget elementor-widget-post-title\" data-id=\"250bd00e\" data-element_type=\"widget\" data-widget_type=\"post-title.default\">\n\t\t\t\t<div class=\"elementor-widget-container\">\n\t\t\t<section>\n                    <div class=\"mn-grid entry-header-inner section-inner medium\">\n                        <h1 class=\"mn-grid-12 entry-title\" style=\"\">\n                            Achieve\n                        <\/h1>\n                    <\/div>\n                <\/section>\t\t<\/div>\n\t\t\t\t<\/div>\n\t\t\t\t\t<\/div>\n\t\t<\/div>\n\t\t\t\t\t<\/div>\n\t\t<\/section>\n\t\t\t\t<section class=\"elementor-section elementor-top-section elementor-element elementor-element-7cdc4f6c elementor-section-boxed elementor-section-height-default elementor-section-height-default\" data-id=\"7cdc4f6c\" data-element_type=\"section\">\n\t\t\t\t\t\t<div class=\"elementor-container elementor-column-gap-default\">\n\t\t\t\t\t<div class=\"elementor-column elementor-col-100 elementor-top-column elementor-element elementor-element-f0d71c9\" data-id=\"f0d71c9\" data-element_type=\"column\">\n\t\t\t<div class=\"elementor-widget-wrap elementor-element-populated\">\n\t\t\t\t\t\t<div class=\"elementor-element elementor-element-63a3a9f3 elementor-widget elementor-widget-w33\" data-id=\"63a3a9f3\" data-element_type=\"widget\" data-widget_type=\"w33.default\">\n\t\t\t\t<div class=\"elementor-widget-container\">\n\t\t\t<section>\n            <div class=\"mn-grid\">\n                <div class=\"mn-vertical-separator\">\n                    \n                <\/div>\n            <\/section>\t\t<\/div>\n\t\t\t\t<\/div>\n\t\t\t\t\t<\/div>\n\t\t<\/div>\n\t\t\t\t\t<\/div>\n\t\t<\/section>\n\t\t\t\t<section class=\"elementor-section elementor-top-section elementor-element elementor-element-6e65a599 elementor-section-boxed elementor-section-height-default elementor-section-height-default\" data-id=\"6e65a599\" data-element_type=\"section\">\n\t\t\t\t\t\t<div class=\"elementor-container elementor-column-gap-default\">\n\t\t\t\t\t<div class=\"elementor-column elementor-col-100 elementor-top-column elementor-element elementor-element-615d9aad\" data-id=\"615d9aad\" data-element_type=\"column\">\n\t\t\t<div class=\"elementor-widget-wrap elementor-element-populated\">\n\t\t\t\t\t\t<div class=\"elementor-element elementor-element-6388d3b8 elementor-widget elementor-widget-w12\" data-id=\"6388d3b8\" data-element_type=\"widget\" data-widget_type=\"w12.default\">\n\t\t\t\t<div class=\"elementor-widget-container\">\n\t\t\t<section>\n                <div class=\"mn-grid\">\n                    <div class=\"mn-grid-12 mn-mod-text-links\">\n                        <p style=\"font-weight: 400\">The 2012\/2013 academic year turned out to be a breakthrough in the activity of the Farmers&#8217; Science Club. Its members are heard more and more often in the national student arena.<\/p>\n<p><strong>Here are our latest achievements:<\/strong><\/p>\n<p><strong>Year 2013<\/strong><\/p>\n<ul style=\"font-weight: 400\">\n<li>Review of Scientific Circles &#8211; Warsaw University of Life Sciences, 11.01.2013 Warsaw. Distinction by Micha\u0142 P\u0119drak (KNR) for his work on the topic: &#8220;Overcoming the crisis or how an innovative person copes in difficult times&#8221;. Engineering section. Research supervisor of work: dr Katarzyna Kuci\u0144ska.<\/li>\n<li>XVIII International Conference of Student Scientific Circles and XXX Sejmik SKN 16-17.05.2013 Wroc\u0142aw. Two speeches by Micha\u0142 P\u0119drak (KNR) on the topics: 1. &#8220;Overcome the crisis or how an innovative person deals with difficult times&#8221; and 2. &#8220;How to unlock the genetic potential of dairy cattle on small farms&#8221;. Scientific supervisor of the works: dr Katarzyna Kuci\u0144ska.<\/li>\n<li>12th CONFERENCE OF STUDENT SCIENCES &#8220;Learning young people on the way to sustainable development&#8221;, 7-8.09.2013 Siedlce. Distinction from Magdalena Ku\u017amicka (KNR) for her work on the topic: &#8220;The threat of potato blight (Phytophthora infestans) in potato cultivation and new tendencies in combating it&#8221;. Life Sciences section. Research supervisor of work: dr Katarzyna Kuci\u0144ska<\/li>\n<li>November, 2013. Scientific Student Conference 2013 Vienna in BOKU &#8211; University of Natural Resources and Live Sciences. &#8220;Sustainability challenge &#8211; Technological advancements and other solutions&#8221;. Micha\u0142 P\u0119drak: &#8220;Improving the milk yeld of dairy cattle in small farms as a key to the business&#8221;.<\/li>\n<li>Review of Scientific Circles &#8211; Warsaw University of Life Sciences, 13.12.2013 Warsaw. Distinction by Micha\u0142 P\u0119drak (KNR) for his work on the topic: &#8220;The influence of the shape of cheese on the results of the family cheese business&#8221;. Economic section. Research supervisor of work: dr Katarzyna Kuci\u0144ska.<\/li>\n<li>Review of Scientific Circles &#8211; Warsaw University of Life Sciences, 13.12.2013 Warsaw. Distinction by Micha\u0142 P\u0119drak and Agnieszka Bielawska (KNR) for the work on the topic: &#8220;The effect of L-DOPA on the growth of tomato seedlings roots&#8221;. Research supervisor of work: dr Katarzyna Kuci\u0144ska.<\/li>\n<\/ul>\n<p style=\"font-weight: 400\">Biological progress in agriculture is now common. It depends increasingly on the application of the achievements of genomics and genetic engineering. The past 25 years have brought spectacular achievements in those areas whose history dates back only to the 1970s. and 80. XX century.<\/p>\n<p style=\"font-weight: 400\">In order to broaden their knowledge and acquire skills in laboratory work, students of the Faculty of Agriculture and Biology took part in the workshop &#8220;Create yourself GMO&#8221;, organized by our Circle. The main aim of the course was to understand the mechanisms used in plant transformation. Although the season is in full swing, this did not prevent our farmers from finding a free moment. The first part of the Workshop was held in June at the Department of Biochemistry at the Faculty of Agriculture and Biology. Thanks to the courtesy of the Head of the Department, Dr. S\u0142awomir Orzechowski, and the involvement of Dr. Agnieszka Grabowska, the students independently transformed the model plant: Arabidopsis thaliana, using the vector: Agrobacterium tumefaciens. The second part of the course, scheduled for December 2013, will be devoted to detailed molecular analyzes of modified seeds.<\/p>\n<p style=\"font-weight: 400\">We are ready to organize other, equally interesting activities. We count on your tips on what you would like to do, what to learn, and in what field to deepen your vision.<\/p>\n<p style=\"font-weight: 400\">When all students are resting on a well-deserved vacation, this is the perfect time for some of us to gain new experiences. Thanks to the cooperation of the Faculty of Agriculture and Biology with representatives of the Swiss company Syngenta, two agricultural students: Ewa Choma\u0107 and Magdalena Ku\u017amicka had the opportunity to undergo a 6-week internship at one of the experimental stations in Germany. Syngenta is a world leader in cultivation: it plays a significant role in the plant protection sector as well as in the seed sector. -We started the apprenticeship in mid-July at the Liesborn breeding station near Dortmund. We worked on the flowering of maize, because it is this plant that the branch is famous for. Despite the hard work, often several hours long, we could see the experimental plots with our own eyes, follow various breeding programs, and observe wild maize species. We selected plants from the Dent and Flint lines (crossing block), we inoculated the maternal lines with Fusarium sp. Strains, we isolated male and female inflorescences and then pollinated.<\/p>\n<p style=\"font-weight: 400\">It took a lot of courage on our part to leave, but we did not regret our decision even for a moment. We met many new people, incl. from Hungary, Ukraine, Peru. We worked with wonderful people, we got to know their culture. The biggest advantage of the trip was the possibility to &#8220;polish&#8221; as many as three foreign languages, first of all English, then German and Russian.<\/p>\n<p style=\"font-weight: 400\">In addition, we were so interested in growing plants that we would like to work as growers in the future. This profession requires a huge audience in the field of genetics, plant physiology and, above all, teaches analytical thinking. The breeder should have the ability to anticipate, but must also be lucky.<\/p>\n<p style=\"font-weight: 400\">In Germany, we could also observe winter rape cultivation and sugar beet seed plantation, which is rare in Polish realities.<\/p>\n<p style=\"font-weight: 400\">Despite six weeks of hard work, we are very satisfied with the internship. We hope that the department will make every effort to ensure that the cooperation will be continued in the coming years.<\/p>\n<p style=\"font-weight: 400\">\n\n                    <\/div>\n                <\/div>\n            <\/section>\t\t<\/div>\n\t\t\t\t<\/div>\n\t\t\t\t\t<\/div>\n\t\t<\/div>\n\t\t\t\t\t<\/div>\n\t\t<\/section>\n\t\t\t\t<\/div>\n\t\t","protected":false},"excerpt":{"rendered":"<p>The 2012\/2013 academic year turned out to be a breakthrough in the activity of the Farmers\u2019 Science Club. Its members are heard more and more often in the national student arena. Here are our latest achievements: Year 2013 Review of Scientific Circles &#8211; Warsaw University of Life Sciences, 11.01.2013 Warsaw. Distinction by Micha\u0142 P\u0119drak (KNR) [&hellip;]<\/p>\n","protected":false},"author":36,"featured_media":0,"parent":1093,"menu_order":0,"comment_status":"closed","ping_status":"closed","template":"","meta":{"_acf_changed":false,"footnotes":""},"class_list":["post-1098","page","type-page","status-publish","hentry"],"acf":[],"_links":{"self":[{"href":"https:\/\/wrie.sggw.edu.pl\/en\/wp-json\/wp\/v2\/pages\/1098","targetHints":{"allow":["GET"]}}],"collection":[{"href":"https:\/\/wrie.sggw.edu.pl\/en\/wp-json\/wp\/v2\/pages"}],"about":[{"href":"https:\/\/wrie.sggw.edu.pl\/en\/wp-json\/wp\/v2\/types\/page"}],"author":[{"embeddable":true,"href":"https:\/\/wrie.sggw.edu.pl\/en\/wp-json\/wp\/v2\/users\/36"}],"replies":[{"embeddable":true,"href":"https:\/\/wrie.sggw.edu.pl\/en\/wp-json\/wp\/v2\/comments?post=1098"}],"version-history":[{"count":1,"href":"https:\/\/wrie.sggw.edu.pl\/en\/wp-json\/wp\/v2\/pages\/1098\/revisions"}],"predecessor-version":[{"id":1099,"href":"https:\/\/wrie.sggw.edu.pl\/en\/wp-json\/wp\/v2\/pages\/1098\/revisions\/1099"}],"up":[{"embeddable":true,"href":"https:\/\/wrie.sggw.edu.pl\/en\/wp-json\/wp\/v2\/pages\/1093"}],"wp:attachment":[{"href":"https:\/\/wrie.sggw.edu.pl\/en\/wp-json\/wp\/v2\/media?parent=1098"}],"curies":[{"name":"wp","href":"https:\/\/api.w.org\/{rel}","templated":true}]}}