{"id":1066,"date":"2021-04-01T13:46:23","date_gmt":"2021-04-01T11:46:23","guid":{"rendered":"http:\/\/wrib.portal-tst.sggw.edu.pl\/wydzial-rolnictwa-i-biologii\/studies-at-the-faculty-of\/agriculture-for-non-agricultural-graduates\/timetables\/edition-35-c\/"},"modified":"2021-04-01T13:46:26","modified_gmt":"2021-04-01T11:46:26","slug":"edition-35-c","status":"publish","type":"page","link":"https:\/\/wrie.sggw.edu.pl\/en\/wydzial-rolnictwa-i-biologii\/studia-na-wydziale\/agriculture-for-non-agricultural-graduates\/timetables\/edition-35-c\/","title":{"rendered":"Edition 35 C."},"content":{"rendered":"\t\t<div data-elementor-type=\"wp-page\" data-elementor-id=\"1066\" class=\"elementor elementor-1066\" data-elementor-post-type=\"page\">\n\t\t\t\t\t\t<section class=\"elementor-section elementor-top-section elementor-element elementor-element-0fe5162 elementor-section-boxed elementor-section-height-default elementor-section-height-default\" data-id=\"0fe5162\" data-element_type=\"section\">\n\t\t\t\t\t\t<div class=\"elementor-container elementor-column-gap-default\">\n\t\t\t\t\t<div class=\"elementor-column elementor-col-100 elementor-top-column elementor-element elementor-element-9500894\" data-id=\"9500894\" data-element_type=\"column\">\n\t\t\t<div class=\"elementor-widget-wrap elementor-element-populated\">\n\t\t\t\t\t\t<div class=\"elementor-element elementor-element-0225012 elementor-widget elementor-widget-wp-widget-bcn_widget\" data-id=\"0225012\" data-element_type=\"widget\" data-widget_type=\"wp-widget-bcn_widget.default\">\n\t\t\t\t<div class=\"elementor-widget-container\">\n\t\t\t<div class=\"mn-grid breadcrumb\">\n                                    <div class=\"breadcrumb-inner mn-grid-12\"><div class=\"breadcrumbs\" vocab=\"https:\/\/schema.org\/\" typeof=\"BreadcrumbList\"><span property=\"itemListElement\" typeof=\"ListItem\"><a property=\"item\" typeof=\"WebPage\" title=\"Go to SGGW Witryn.\" href=\"https:\/\/www.sggw.edu.pl\/\" class=\"main-home\" ><span property=\"name\">SGGW Witryn<\/span><\/a><meta property=\"position\" content=\"1\"><\/span> \/ <span property=\"itemListElement\" typeof=\"ListItem\"><a property=\"item\" typeof=\"WebPage\" title=\"Go to WYDZIA\u0141 ROLNICTWA I EKOLOGII.\" href=\"https:\/\/wrie.sggw.edu.pl\/en\/\" class=\"home\" aria-current=\"page\"><span property=\"name\">Home<\/span><\/a><meta property=\"position\" content=\"2\"><\/span><\/div>    <\/div>\n                                <\/div>\t\t<\/div>\n\t\t\t\t<\/div>\n\t\t\t\t\t<\/div>\n\t\t<\/div>\n\t\t\t\t\t<\/div>\n\t\t<\/section>\n\t\t\t\t<section class=\"elementor-section elementor-top-section elementor-element elementor-element-6f4ea69 elementor-section-boxed elementor-section-height-default elementor-section-height-default\" data-id=\"6f4ea69\" data-element_type=\"section\">\n\t\t\t\t\t\t<div class=\"elementor-container elementor-column-gap-default\">\n\t\t\t\t\t<div class=\"elementor-column elementor-col-100 elementor-top-column elementor-element elementor-element-c7cb897\" data-id=\"c7cb897\" data-element_type=\"column\">\n\t\t\t<div class=\"elementor-widget-wrap elementor-element-populated\">\n\t\t\t\t\t\t<div class=\"elementor-element elementor-element-cf1ee6e elementor-widget elementor-widget-w1_2_3\" data-id=\"cf1ee6e\" data-element_type=\"widget\" data-widget_type=\"w1_2_3.default\">\n\t\t\t\t<div class=\"elementor-widget-container\">\n\t\t\t<section>\n                <div class=\"mn-grid\">\n                    <h2  class=\"mn-grid-12\">\n                        Edition 35 C.\n                    <\/h2>\n                <\/div>\n            <\/section>\t\t<\/div>\n\t\t\t\t<\/div>\n\t\t\t\t\t<\/div>\n\t\t<\/div>\n\t\t\t\t\t<\/div>\n\t\t<\/section>\n\t\t\t\t<section class=\"elementor-section elementor-top-section elementor-element elementor-element-bf1d753 elementor-section-boxed elementor-section-height-default elementor-section-height-default\" data-id=\"bf1d753\" data-element_type=\"section\">\n\t\t\t\t\t\t<div class=\"elementor-container elementor-column-gap-default\">\n\t\t\t\t\t<div class=\"elementor-column elementor-col-100 elementor-top-column elementor-element elementor-element-3b53f2d\" data-id=\"3b53f2d\" data-element_type=\"column\">\n\t\t\t<div class=\"elementor-widget-wrap elementor-element-populated\">\n\t\t\t\t\t\t<div class=\"elementor-element elementor-element-7796e3e elementor-widget elementor-widget-w34\" data-id=\"7796e3e\" data-element_type=\"widget\" data-widget_type=\"w34.default\">\n\t\t\t\t<div class=\"elementor-widget-container\">\n\t\t\t        <section id=\"w34-7796e3e\" class=\"mn-m5-c mn-m5-d2\">\n            <div class=\"mn-grid\">\n                <div class=\"mn-content mn-grid-12\">\n                    <div class=\"mn-content-block active\">\n                                                                <ul class=\"mn-accordion\">\n                                            <li>\n                                                <h4 class=\"mn-accordion-title\"\n                                                    role=\"button\"\n                                                    tabindex=\"0\"\n                                                    aria-expanded=\"false\"\n                                                    aria-controls=\"w34-7796e3e-panel-0\">Rally dates, group 35 C<\/h4>\n                                                <div id=\"w34-7796e3e-panel-0\" style=\"display:none;\" hidden>\n                                                    <p style=\"font-weight: 400\"><strong>Rally dates, group 35 C<br \/><\/strong><\/p>\n<ul>\n<li style=\"font-weight: 400\">7-8.11.2020<\/li>\n<li style=\"font-weight: 400\">November 14-15, 2020<\/li>\n<li style=\"font-weight: 400\">November 28-29, 2020<\/li>\n<li style=\"font-weight: 400\">12-13.12.2020<\/li>\n<li style=\"font-weight: 400\">January 23-24, 2021<\/li>\n<li style=\"font-weight: 400\">February 6-7, 2021<\/li>\n<li style=\"font-weight: 400\">February 20-21, 2021<\/li>\n<li style=\"font-weight: 400\">March 6-7, 2021<\/li>\n<li style=\"font-weight: 400\">March 20-21, 2021<\/li>\n<li style=\"font-weight: 400\">April 10-11, 2021<\/li>\n<li style=\"font-weight: 400\">24-25 April 2021<\/li>\n<li style=\"font-weight: 400\">May 29-30, 2021 field exercises<\/li>\n<li style=\"font-weight: 400\">June 12-13, 2021 field exercises<\/li>\n<li style=\"font-weight: 400\">June 26, 2021 exam (preliminary date)<\/li>\n<\/ul>\n                                                <\/div>\n                                            <\/li>\n                                        <\/ul>\n                                                                                <ul class=\"mn-accordion\">\n                                            <li>\n                                                <h4 class=\"mn-accordion-title\"\n                                                    role=\"button\"\n                                                    tabindex=\"0\"\n                                                    aria-expanded=\"false\"\n                                                    aria-controls=\"w34-7796e3e-panel-1\">Timetables<\/h4>\n                                                <div id=\"w34-7796e3e-panel-1\" style=\"display:none;\" hidden>\n                                                    <table style=\"font-weight: 400\">\n<tbody>\n<tr>\n<td width=\"75\">\n<p><strong>Exit<\/strong><\/p>\n<\/td>\n<td width=\"123\">\n<p><strong>Date<\/strong><\/p>\n<\/td>\n<td width=\"406\">\n<p><strong>MS Teams<\/strong><\/p>\n<\/td>\n<\/tr>\n<tr>\n<td rowspan=\"2\" width=\"75\">\n<\/td>\n<td width=\"123\">\n<p>November 7, 2020<\/p>\n<\/p>\n<\/td>\n<td width=\"406\">\n<p>8.30-11.45 Basics of soil science dr Wojciech Kwasowski<\/p>\n<\/p>\n<p>12.15 &#8211; 17.10 Environmental and agrotechnical foundations of soil and plant cultivation dr hab. Irena Suwara, Prof. universities<\/p>\n<\/p>\n<\/td>\n<\/tr>\n<tr>\n<td width=\"123\">\n<p>November 8, 2020<\/p>\n<\/p>\n<\/td>\n<td width=\"406\">\n<p>8.30-11.45 Basics of soil science and fertilization of plants with the use of waste dr hab. Tomasz Sosulski<\/p>\n<\/p>\n<p>12.15 &#8211; 15.30 Fundamentals of physiology and nutrition of farm animals dr hab. Andrea \u0141ozicki<\/p>\n<\/p>\n<\/td>\n<\/tr>\n<\/tbody>\n<\/table>\n<p style=\"font-weight: 400\">\n<table style=\"font-weight: 400\">\n<tbody>\n<tr>\n<td rowspan=\"2\" width=\"75\">\n<\/p>\n<\/td>\n<td width=\"123\">\n<p>November 14, 2020<\/p>\n<\/p>\n<\/td>\n<td width=\"406\">\n<p>8.30-13.25 Environmental and agrotechnical foundations of the simplification of the role and plants of dr hab. Irena Suwara, Prof. universities<\/p>\n<\/p>\n<p>13.55 &#8211; 17.10 Basics of physiology and nutrition of farm animals Dr. Andrzej \u0141ozicki<\/p>\n<\/p>\n<\/td>\n<\/tr>\n<tr>\n<td width=\"123\">\n<p>November 15, 2020<\/p>\n<\/p>\n<\/td>\n<td width=\"406\">\n<p>8.30-11.45 Basics of soil science and fertilization of plants with the use of waste dr hab. Tomasz Sosulski<\/p>\n<\/p>\n<p>12.15 &#8211; 15.30 Basics of soil science dr Wojciech Kwasowski<\/p>\n<\/p>\n<\/td>\n<\/tr>\n<\/tbody>\n<\/table>\n<p style=\"font-weight: 400\">\n<table style=\"font-weight: 400\">\n<tbody>\n<tr>\n<td rowspan=\"2\" width=\"75\">\n<\/p>\n<\/td>\n<td width=\"123\">\n<p>November 28, 2020<\/p>\n<\/p>\n<\/td>\n<td width=\"406\">\n<p>8.30-13.25 Basics of soil science exercises. Dr. Wojciech Kwasowski<\/p>\n<\/p>\n<p>11.00-13.25 Fundamentals of physiology and nutrition of farm animals &#8211; exercises by dr hab. Andrea \u0141ozicki<\/p>\n<\/p>\n<p>13.55-16.30 Breeding and rearing poultry and other farm animals prof. dr hab. Jan Of Germany<\/p>\n<\/p>\n<\/td>\n<\/tr>\n<tr>\n<td width=\"123\">\n<p>November 29, 2020<\/p>\n<\/p>\n<\/td>\n<td width=\"406\">\n<p>8.30-12.35 Basics of veterinary diagnostics prof. dr hab. Jacek Szczawi\u0144ski<\/p>\n<\/p>\n<p>13.05-17.10 Basics of production and marketing of seed material dr Aleksandra Orzeszko-Rywka<\/p>\n<\/p>\n<\/td>\n<\/tr>\n<\/tbody>\n<\/table>\n<p style=\"font-weight: 400\">\n<table style=\"font-weight: 400\">\n<tbody>\n<tr>\n<td rowspan=\"2\" width=\"75\">\n<\/p>\n<\/td>\n<td width=\"123\">\n<p><strong>12\/12\/2020<\/strong><\/p>\n<\/p>\n<\/td>\n<td width=\"406\">\n<p><strong>8.30-12.35<\/strong> Fundamentals of agricultural law and law Jerzy Owczarek, MA<\/p>\n<\/p>\n<p><strong>May 13-15.30<\/strong> Breeding and rearing poultry and other farm animals prof. dr hab. Jan Of Germany<\/p>\n<\/p>\n<\/td>\n<\/tr>\n<tr>\n<td width=\"123\">\n<p><strong>13\/12\/2020<\/strong><\/p>\n<\/p>\n<\/td>\n<td width=\"406\">\n<p><strong>8.30-12.35<\/strong> Organization of rural farms Dr hab. Andrea Parzonko<\/p>\n<\/p>\n<p><strong>13.05-16.20<\/strong> Agritourism Dr Marzena Kacprzak<\/p>\n<\/p>\n<\/td>\n<\/tr>\n<\/tbody>\n<\/table>\n<p style=\"font-weight: 400\">\n<table style=\"font-weight: 400\">\n<tbody>\n<tr>\n<td rowspan=\"2\" width=\"75\">\n<\/p>\n<\/td>\n<td width=\"123\">\n<p><strong>01\/23\/2021<\/strong><\/p>\n<\/p>\n<\/td>\n<td width=\"406\">\n<p><strong>8.30-12.35<\/strong> Fundamentals of agricultural law and law Jerzy Owczarek, MA<\/p>\n<\/p>\n<p><strong>13.05-17.10<\/strong> Growing energy crops prof. dr hab. Zdzis\u0142aw Wyszynski<\/p>\n<\/p>\n<\/td>\n<\/tr>\n<tr>\n<td width=\"123\">\n<p><strong>01\/24\/2021<\/strong><\/p>\n<\/p>\n<\/td>\n<td width=\"406\">\n<p><strong>8.30-13.25<\/strong> Grassland dr hab. Barbara Borawska &#8211; Jarmu\u0142owicz<\/p>\n<\/p>\n<\/td>\n<\/tr>\n<\/tbody>\n<\/table>\n<p style=\"font-weight: 400\">\n<table style=\"font-weight: 400\">\n<tbody>\n<tr>\n<td rowspan=\"2\" width=\"75\">\n<\/p>\n<\/td>\n<td width=\"123\">\n<p><strong>02\/06\/2021<\/strong><\/p>\n<\/p>\n<\/td>\n<td width=\"406\">\n<p><strong>8.30-10.55<\/strong> Principles of livestock breeding &#8211; pigs prof. dr hab. Anna Rekiel<\/p>\n<\/p>\n<p><strong> <\/strong><\/p>\n<p><strong>11.25-14.40<\/strong> Ecological farming dr Katarzyna Kuci\u0144ska<\/p>\n<\/p>\n<\/td>\n<\/tr>\n<tr>\n<td width=\"123\">\n<p><strong>02\/07\/2021<\/strong><\/p>\n<\/p>\n<\/td>\n<td width=\"406\">\n<p><strong>8.30-12.35<\/strong> Rural Development Programs Marek Krysztoforski, MA<\/p>\n<\/p>\n<p><strong>13.05-16.20<\/strong> Technology of agricultural plants production &#8211; legumes dr Beata Michalska-Klimczak<\/p>\n<\/p>\n<\/td>\n<\/tr>\n<\/tbody>\n<\/table>\n<p style=\"font-weight: 400\">\n<table style=\"font-weight: 400\">\n<tbody>\n<tr>\n<td rowspan=\"2\" width=\"75\">\n<\/p>\n<\/td>\n<td width=\"123\">\n<p><strong>02\/20\/2021<\/strong><\/p>\n<\/p>\n<\/td>\n<td width=\"406\">\n<p><strong>8.30-12.35<\/strong> Rural Development Programs mgr Bogdan Pomianek<\/p>\n<\/p>\n<p><strong> <\/strong><\/p>\n<p><strong>13.05-17.10<\/strong> Plant protection Dr. Agnieszka Ciesielska<\/p>\n<\/p>\n<\/td>\n<\/tr>\n<tr>\n<td width=\"123\">\n<p><strong>02\/21\/2021<\/strong><\/p>\n<\/p>\n<\/td>\n<td width=\"406\">\n<p><strong>8.30-12.35<\/strong> Directions of agricultural technology development dr hab. Jaroslaw Chlebowski<\/p>\n<\/p>\n<p><strong>13.05-16.20<\/strong> Fundamentals of phytosanitary control, Teresa Krasuska, MA<\/p>\n<\/td>\n<\/tr>\n<\/tbody>\n<\/table>\n<p style=\"font-weight: 400\">\n<table style=\"font-weight: 400\">\n<tbody>\n<tr>\n<td rowspan=\"2\" width=\"75\">\n<\/p>\n<\/td>\n<td width=\"123\">\n<p><strong>03\/06\/2021<\/strong><\/p>\n<\/p>\n<\/td>\n<td width=\"406\">\n<p><strong>8.30-12.35<\/strong> Rural Development Programs Marek Krysztoforski, MA<\/p>\n<p><strong> <\/strong><\/p>\n<p><strong>13.05-17.10<\/strong> Technology of production of agricultural plants &#8211; cereals prof. dr hab. Jan Rozbicki<\/p>\n<\/p>\n<\/td>\n<\/tr>\n<tr>\n<td width=\"123\">\n<p><strong>03\/07\/2021<\/strong><\/p>\n<\/p>\n<\/td>\n<td width=\"406\">\n<p><strong>8.30-13.25<\/strong> Agricultural plant production technologies &#8211; precision agriculture &#8211; potato dr hab. Stanislaw Samborski, prof. universities<\/p>\n<\/p>\n<p><strong>13.55-16.20<\/strong> Principles of breeding farm animals &#8211; cattle breeding dr hab. Marcin Go\u0142\u0119biewski<\/p>\n<\/td>\n<\/tr>\n<\/tbody>\n<\/table>\n<p style=\"font-weight: 400\">\n<table style=\"font-weight: 400\">\n<tbody>\n<tr>\n<td rowspan=\"2\" width=\"75\">\n<\/p>\n<\/td>\n<td width=\"123\">\n<p><strong>March 20, 2021<\/strong><\/p>\n<\/p>\n<\/td>\n<td width=\"406\">\n<p><strong>8.30-12.35<\/strong> Directions of agricultural technology development dr hab. Jaroslaw Chlebowski<\/p>\n<p><strong> <\/strong><\/p>\n<p><strong>13.05-16.20<\/strong> Agricultural markets prof. dr hab. Jaros\u0142aw Go\u0142\u0119biewski<\/p>\n<\/p>\n<\/td>\n<\/tr>\n<tr>\n<td width=\"123\">\n<p><strong>March 21, 2021<\/strong><\/p>\n<\/p>\n<\/td>\n<td width=\"406\">\n<p>8.30-11.45 Agricultural accounting dr Tomasz Kondraszuk<\/p>\n<\/p>\n<p>12.15-16.20 Plant protection dr in\u017c. Agnieszka Ciesielska<\/p>\n<\/td>\n<\/tr>\n<\/tbody>\n<\/table>\n<p style=\"font-weight: 400\">\n<table style=\"font-weight: 400\">\n<tbody>\n<tr>\n<td rowspan=\"2\" width=\"75\">\n<\/p>\n<\/td>\n<td width=\"123\">\n<p><strong>March 20, 2021<\/strong><\/p>\n<\/p>\n<\/td>\n<td width=\"406\">\n<p><strong>8.30-12.35<\/strong> Directions of agricultural technology development dr hab. Jaroslaw Chlebowski<\/p>\n<p><strong> <\/strong><\/p>\n<p><strong>13.05-17.10<\/strong> Plant protection dr in\u017c Agnieszka Ciesielska<\/p>\n<\/p>\n<\/td>\n<\/tr>\n<tr>\n<td width=\"123\">\n<p><strong>March 21, 2021<\/strong><\/p>\n<\/p>\n<\/td>\n<td width=\"406\">\n<p>8.30-11.45 Agricultural accounting dr Tomasz Kondraszuk<\/p>\n<\/p>\n<p>12.15-15.30 Agricultural markets prof. dr hab. Jaros\u0142aw Go\u0142\u0119biewski<\/p>\n<\/td>\n<\/tr>\n<\/tbody>\n<\/table>\n<p style=\"font-weight: 400\">\n                                                <\/div>\n                                            <\/li>\n                                        <\/ul>\n                                                            <\/div>\n                <\/div>\n            <\/div>\n        <\/section>\n\n        <script type=\"text\/javascript\">\n            (function(){\n                var root = document.getElementById('w34-7796e3e');\n                if (!root || root.dataset.w34Ready === '1') {\n                    return;\n                }\n                root.dataset.w34Ready = '1';\n\n                var titles = root.querySelectorAll('.mn-accordion-title');\n\n                function toggleItem(titleEl, event) {\n                    if (event) {\n                        event.preventDefault();\n                        event.stopPropagation();\n                        if (typeof event.stopImmediatePropagation === 'function') {\n                            event.stopImmediatePropagation();\n                        }\n                    }\n\n                    var li = titleEl.parentElement;\n                    if (!li) {\n                        return;\n                    }\n\n                    var panel = titleEl.nextElementSibling;\n                    if (!panel) {\n                        return;\n                    }\n\n                    var isOpen = li.classList.contains('show');\n\n                    if (isOpen) {\n                        li.classList.remove('show');\n                        titleEl.setAttribute('aria-expanded', 'false');\n                        panel.hidden = true;\n                        if (window.jQuery) {\n                            window.jQuery(panel).stop(true, true).slideUp(200);\n                        } else {\n                            panel.style.display = 'none';\n                        }\n                    } else {\n                        li.classList.add('show');\n                        titleEl.setAttribute('aria-expanded', 'true');\n                        panel.hidden = false;\n                        if (window.jQuery) {\n                            window.jQuery(panel).stop(true, true).slideDown(200);\n                        } else {\n                            panel.style.display = 'block';\n                        }\n                    }\n                }\n\n                titles.forEach(function(titleEl){\n                    var panel = titleEl.nextElementSibling;\n                    if (panel) {\n                        panel.hidden = true;\n                        panel.style.display = 'none';\n                    }\n\n                    titleEl.addEventListener('click', function(event){\n                        toggleItem(titleEl, event);\n                    }, true);\n\n                    titleEl.addEventListener('keydown', function(event){\n                        if (event.key === 'Enter' || event.key === ' ') {\n                            toggleItem(titleEl, event);\n                        }\n                    }, true);\n                });\n            })();\n        <\/script>\n        \t\t<\/div>\n\t\t\t\t<\/div>\n\t\t\t\t\t<\/div>\n\t\t<\/div>\n\t\t\t\t\t<\/div>\n\t\t<\/section>\n\t\t\t\t<\/div>\n\t\t","protected":false},"excerpt":{"rendered":"<p>Edition 35 C. Rally dates, group 35 C Rally dates, group 35 C 7-8.11.2020 November 14-15, 2020 November 28-29, 2020 12-13.12.2020 January 23-24, 2021 February 6-7, 2021 February 20-21, 2021 March 6-7, 2021 March 20-21, 2021 April 10-11, 2021 24-25 April 2021 May 29-30, 2021 field exercises June 12-13, 2021 field exercises June 26, 2021 [&hellip;]<\/p>\n","protected":false},"author":103,"featured_media":0,"parent":1060,"menu_order":0,"comment_status":"closed","ping_status":"closed","template":"","meta":{"_acf_changed":false,"footnotes":""},"class_list":["post-1066","page","type-page","status-publish","hentry"],"acf":[],"_links":{"self":[{"href":"https:\/\/wrie.sggw.edu.pl\/en\/wp-json\/wp\/v2\/pages\/1066","targetHints":{"allow":["GET"]}}],"collection":[{"href":"https:\/\/wrie.sggw.edu.pl\/en\/wp-json\/wp\/v2\/pages"}],"about":[{"href":"https:\/\/wrie.sggw.edu.pl\/en\/wp-json\/wp\/v2\/types\/page"}],"author":[{"embeddable":true,"href":"https:\/\/wrie.sggw.edu.pl\/en\/wp-json\/wp\/v2\/users\/103"}],"replies":[{"embeddable":true,"href":"https:\/\/wrie.sggw.edu.pl\/en\/wp-json\/wp\/v2\/comments?post=1066"}],"version-history":[{"count":1,"href":"https:\/\/wrie.sggw.edu.pl\/en\/wp-json\/wp\/v2\/pages\/1066\/revisions"}],"predecessor-version":[{"id":1067,"href":"https:\/\/wrie.sggw.edu.pl\/en\/wp-json\/wp\/v2\/pages\/1066\/revisions\/1067"}],"up":[{"embeddable":true,"href":"https:\/\/wrie.sggw.edu.pl\/en\/wp-json\/wp\/v2\/pages\/1060"}],"wp:attachment":[{"href":"https:\/\/wrie.sggw.edu.pl\/en\/wp-json\/wp\/v2\/media?parent=1066"}],"curies":[{"name":"wp","href":"https:\/\/api.w.org\/{rel}","templated":true}]}}