{"id":1052,"date":"2021-04-01T13:46:18","date_gmt":"2021-04-01T11:46:18","guid":{"rendered":"http:\/\/wrib.portal-tst.sggw.edu.pl\/wydzial-rolnictwa-i-biologii\/studies-at-the-faculty-of\/agriculture-for-non-agricultural-graduates\/documents-to-download\/"},"modified":"2021-04-01T13:46:19","modified_gmt":"2021-04-01T11:46:19","slug":"documents-to-download","status":"publish","type":"page","link":"https:\/\/wrie.sggw.edu.pl\/en\/wydzial-rolnictwa-i-biologii\/studia-na-wydziale\/agriculture-for-non-agricultural-graduates\/documents-to-download\/","title":{"rendered":"Documents to download"},"content":{"rendered":"\t\t<div data-elementor-type=\"wp-page\" data-elementor-id=\"1052\" class=\"elementor elementor-1052\" data-elementor-post-type=\"page\">\n\t\t\t\t\t\t<section class=\"elementor-section elementor-top-section elementor-element elementor-element-569762a5 elementor-section-boxed elementor-section-height-default elementor-section-height-default\" data-id=\"569762a5\" data-element_type=\"section\">\n\t\t\t\t\t\t<div class=\"elementor-container elementor-column-gap-default\">\n\t\t\t\t\t<div class=\"elementor-column elementor-col-100 elementor-top-column elementor-element elementor-element-6a5dfff1\" data-id=\"6a5dfff1\" data-element_type=\"column\">\n\t\t\t<div class=\"elementor-widget-wrap elementor-element-populated\">\n\t\t\t\t\t\t<div class=\"elementor-element elementor-element-db7d03 elementor-widget elementor-widget-wp-widget-bcn_widget\" data-id=\"db7d03\" data-element_type=\"widget\" data-widget_type=\"wp-widget-bcn_widget.default\">\n\t\t\t\t<div class=\"elementor-widget-container\">\n\t\t\t<div class=\"mn-grid breadcrumb\">\n                                    <div class=\"breadcrumb-inner mn-grid-12\"><div class=\"breadcrumbs\" vocab=\"https:\/\/schema.org\/\" typeof=\"BreadcrumbList\"><span property=\"itemListElement\" typeof=\"ListItem\"><a property=\"item\" typeof=\"WebPage\" title=\"Go to SGGW Witryn.\" href=\"https:\/\/www.sggw.edu.pl\/\" class=\"main-home\" ><span property=\"name\">SGGW Witryn<\/span><\/a><meta property=\"position\" content=\"1\"><\/span> \/ <span property=\"itemListElement\" typeof=\"ListItem\"><a property=\"item\" typeof=\"WebPage\" title=\"Go to WYDZIA\u0141 ROLNICTWA I EKOLOGII.\" href=\"https:\/\/wrie.sggw.edu.pl\/en\/\" class=\"home\" aria-current=\"page\"><span property=\"name\">Home<\/span><\/a><meta property=\"position\" content=\"2\"><\/span><\/div>    <\/div>\n                                <\/div>\t\t<\/div>\n\t\t\t\t<\/div>\n\t\t\t\t<div class=\"elementor-element elementor-element-12a27cdf elementor-widget elementor-widget-post-title\" data-id=\"12a27cdf\" data-element_type=\"widget\" data-widget_type=\"post-title.default\">\n\t\t\t\t<div class=\"elementor-widget-container\">\n\t\t\t<section>\n                    <div class=\"mn-grid entry-header-inner section-inner medium\">\n                        <h1 class=\"mn-grid-12 entry-title\" style=\"\">\n                            Documents to download\n                        <\/h1>\n                    <\/div>\n                <\/section>\t\t<\/div>\n\t\t\t\t<\/div>\n\t\t\t\t\t<\/div>\n\t\t<\/div>\n\t\t\t\t\t<\/div>\n\t\t<\/section>\n\t\t\t\t<section class=\"elementor-section elementor-top-section elementor-element elementor-element-234e810 elementor-section-boxed elementor-section-height-default elementor-section-height-default\" data-id=\"234e810\" data-element_type=\"section\">\n\t\t\t\t\t\t<div class=\"elementor-container elementor-column-gap-default\">\n\t\t\t\t\t<div class=\"elementor-column elementor-col-100 elementor-top-column elementor-element elementor-element-b8a41de\" data-id=\"b8a41de\" data-element_type=\"column\">\n\t\t\t<div class=\"elementor-widget-wrap elementor-element-populated\">\n\t\t\t\t\t\t<div class=\"elementor-element elementor-element-18420f0 elementor-widget elementor-widget-w10\" data-id=\"18420f0\" data-element_type=\"widget\" data-widget_type=\"w10.default\">\n\t\t\t\t<div class=\"elementor-widget-container\">\n\t\t\t<section><div class=\"mn-grid\"><ul class=\"mn-link-list-type2 mn-grid-12\"><li>\n                            <a href=\"http:\/\/wrib.portal-tst.sggw.edu.pl\/wp-content\/uploads\/sites\/3\/2021\/03\/podanie_ankieta_2020-6.docx\" >\n                                <span>Questionnaire and application.doc<\/span>\n                            <\/a>\n                        <\/li><li>\n                            <a href=\"http:\/\/wrib.portal-tst.sggw.edu.pl\/wp-content\/uploads\/sites\/3\/2021\/03\/Za\u0142\u0105cznik-do-Uchwa\u0142y-Nr-8-2017-2018-z-dnia-30-pa\u017cdziernika-2017-r_-1.pdf\" >\n                                <span>Regulations of Postgraduate Studies at the Warsaw University of Life Sciences<\/span>\n                            <\/a>\n                        <\/li><\/ul><\/div><\/section>\t\t<\/div>\n\t\t\t\t<\/div>\n\t\t\t\t\t<\/div>\n\t\t<\/div>\n\t\t\t\t\t<\/div>\n\t\t<\/section>\n\t\t\t\t<section class=\"elementor-section elementor-top-section elementor-element elementor-element-fdc12d4 elementor-section-boxed elementor-section-height-default elementor-section-height-default\" data-id=\"fdc12d4\" data-element_type=\"section\">\n\t\t\t\t\t\t<div class=\"elementor-container elementor-column-gap-default\">\n\t\t\t\t\t<div class=\"elementor-column elementor-col-100 elementor-top-column elementor-element elementor-element-39ecca8\" data-id=\"39ecca8\" data-element_type=\"column\">\n\t\t\t<div class=\"elementor-widget-wrap elementor-element-populated\">\n\t\t\t\t\t\t<div class=\"elementor-element elementor-element-6806f35 elementor-widget elementor-widget-w12\" data-id=\"6806f35\" data-element_type=\"widget\" data-widget_type=\"w12.default\">\n\t\t\t\t<div class=\"elementor-widget-container\">\n\t\t\t<section>\n                <div class=\"mn-grid\">\n                    <div class=\"mn-grid-12 mn-mod-text-links\">\n                        <p>The University issues a VAT invoice at the request of the Purchaser who is a natural person in accordance with 106b sec. 3 of the act on tax on goods and services (VAT), i.e. in the case of a request made by the Buyer not later than within 3 months from the end of the month in which the whole or part of the payment was received. The university will not issue an invoice if the request is submitted after this date.<br \/>If the Purchaser is the company, the University issues VAT in accordance with the provisions of the VAT Act, i.e. by the 15th day of the month following the month in which the University received the payment for postgraduate studies. <\/p>\n\n                    <\/div>\n                <\/div>\n            <\/section>\t\t<\/div>\n\t\t\t\t<\/div>\n\t\t\t\t\t<\/div>\n\t\t<\/div>\n\t\t\t\t\t<\/div>\n\t\t<\/section>\n\t\t\t\t<section class=\"elementor-section elementor-top-section elementor-element elementor-element-90b86f8 elementor-section-boxed elementor-section-height-default elementor-section-height-default\" data-id=\"90b86f8\" data-element_type=\"section\">\n\t\t\t\t\t\t<div class=\"elementor-container elementor-column-gap-default\">\n\t\t\t\t\t<div class=\"elementor-column elementor-col-100 elementor-top-column elementor-element elementor-element-7a430d0\" data-id=\"7a430d0\" data-element_type=\"column\">\n\t\t\t<div class=\"elementor-widget-wrap elementor-element-populated\">\n\t\t\t\t\t\t<div class=\"elementor-element elementor-element-680e09c elementor-widget elementor-widget-w33\" data-id=\"680e09c\" data-element_type=\"widget\" data-widget_type=\"w33.default\">\n\t\t\t\t<div class=\"elementor-widget-container\">\n\t\t\t<section>\n            <div class=\"mn-grid\">\n                <div class=\"mn-vertical-separator\">\n                    \n                <\/div>\n            <\/section>\t\t<\/div>\n\t\t\t\t<\/div>\n\t\t\t\t<div class=\"elementor-element elementor-element-ceaedc4 elementor-widget elementor-widget-w10\" data-id=\"ceaedc4\" data-element_type=\"widget\" data-widget_type=\"w10.default\">\n\t\t\t\t<div class=\"elementor-widget-container\">\n\t\t\t<section><div class=\"mn-grid\"><ul class=\"mn-link-list-type2 mn-grid-12\"><li>\n                            <a href=\"http:\/\/wrib.portal-tst.sggw.edu.pl\/wp-content\/uploads\/sites\/3\/2021\/03\/kwestura-podanie-o-faktur\u0119-3.doc\" >\n                                <span>Send an invoice application (along with a payment confirmation) to the following address: agata_kicka@sggw.edu.pl<\/span>\n                            <\/a>\n                        <\/li><li>\n                            <a href=\"http:\/\/wrib.portal-tst.sggw.edu.pl\/wp-content\/uploads\/sites\/3\/2021\/03\/Zalacznik-Nr-1-1.docx\" >\n                                <span>The model of the first pages of the diploma thesis<\/span>\n                            <\/a>\n                        <\/li><li>\n                            <a href=\"http:\/\/wrib.portal-tst.sggw.edu.pl\/wp-content\/uploads\/sites\/3\/2021\/03\/wniosek-o-dopuszczenie-1.doc\" >\n                                <span>The application for admission to the exam is submitted with the thesis <\/span>\n                            <\/a>\n                        <\/li><li>\n                            <a href=\"http:\/\/wrib.portal-tst.sggw.edu.pl\/wp-content\/uploads\/sites\/3\/2021\/03\/Pytania-egzaminacyjne.doc\" >\n                                <span>Exam issues to be developed, valid from 2019<\/span>\n                            <\/a>\n                        <\/li><li>\n                            <a href=\"http:\/\/wrib.portal-tst.sggw.edu.pl\/wp-content\/uploads\/sites\/3\/2021\/03\/Plan-kampusu.jpg\" >\n                                <span>Campus plan<\/span>\n                            <\/a>\n                        <\/li><li>\n                            <a href=\"http:\/\/wrib.portal-tst.sggw.edu.pl\/wp-content\/uploads\/sites\/3\/2021\/03\/zajecia_ter_mapy-1.doc\" >\n                                <span>Maps (field activities)<\/span>\n                            <\/a>\n                        <\/li><\/ul><\/div><\/section>\t\t<\/div>\n\t\t\t\t<\/div>\n\t\t\t\t\t<\/div>\n\t\t<\/div>\n\t\t\t\t\t<\/div>\n\t\t<\/section>\n\t\t\t\t<\/div>\n\t\t","protected":false},"excerpt":{"rendered":"<p>Questionnaire and application.doc Regulations of Postgraduate Studies at the Warsaw University of Life Sciences The University issues a VAT invoice at the request of the Purchaser who is a natural person in accordance with 106b sec. 3 of the act on tax on goods and services (VAT), i.e. in the case of a request made [&hellip;]<\/p>\n","protected":false},"author":103,"featured_media":0,"parent":1043,"menu_order":0,"comment_status":"closed","ping_status":"closed","template":"","meta":{"_acf_changed":false,"footnotes":""},"class_list":["post-1052","page","type-page","status-publish","hentry"],"acf":[],"_links":{"self":[{"href":"https:\/\/wrie.sggw.edu.pl\/en\/wp-json\/wp\/v2\/pages\/1052","targetHints":{"allow":["GET"]}}],"collection":[{"href":"https:\/\/wrie.sggw.edu.pl\/en\/wp-json\/wp\/v2\/pages"}],"about":[{"href":"https:\/\/wrie.sggw.edu.pl\/en\/wp-json\/wp\/v2\/types\/page"}],"author":[{"embeddable":true,"href":"https:\/\/wrie.sggw.edu.pl\/en\/wp-json\/wp\/v2\/users\/103"}],"replies":[{"embeddable":true,"href":"https:\/\/wrie.sggw.edu.pl\/en\/wp-json\/wp\/v2\/comments?post=1052"}],"version-history":[{"count":1,"href":"https:\/\/wrie.sggw.edu.pl\/en\/wp-json\/wp\/v2\/pages\/1052\/revisions"}],"predecessor-version":[{"id":1053,"href":"https:\/\/wrie.sggw.edu.pl\/en\/wp-json\/wp\/v2\/pages\/1052\/revisions\/1053"}],"up":[{"embeddable":true,"href":"https:\/\/wrie.sggw.edu.pl\/en\/wp-json\/wp\/v2\/pages\/1043"}],"wp:attachment":[{"href":"https:\/\/wrie.sggw.edu.pl\/en\/wp-json\/wp\/v2\/media?parent=1052"}],"curies":[{"name":"wp","href":"https:\/\/api.w.org\/{rel}","templated":true}]}}